{"id":117412,"date":"2022-12-03T08:57:25","date_gmt":"2023-07-07T13:36:57","guid":{"rendered":"https:\/\/cultiusponc.com\/producto\/abrico\/"},"modified":"2023-07-18T16:29:14","modified_gmt":"2023-07-18T16:29:14","slug":"prunus-armeniaca","status":"publish","type":"product","link":"https:\/\/cultius.predev.eu\/pt-pt\/producto\/prunus-armeniaca\/","title":{"rendered":"Abric\u00f3"},"content":{"rendered":"<p style=\"text-align: justify;\"><strong><span style=\"text-decoration: underline;\"><span style=\"font-size: 16pt;\">Phyllostachis Aurea,<\/span> <\/span><\/strong><span style=\"font-family: times new roman,times; font-size: 12pt;\"> tambi\u00e9n conocido como bamb\u00fa dorado, bamb\u00fa japon\u00e9s, perteneciente a la familia de las Poaceae y originaria de China o Jap\u00f3n. Buen bamb\u00fa para plantar en maceta a pleno sol o sombra parcial. Requiere de suelos frescos y ricos en humus.<\/span><\/p>\n<p style=\"text-align: justify;\"><span style=\"color: #292929; line-height: 115%; font-family: times new roman,times; font-size: 12pt;\">Formato : CO 10L en medida 125\/150 y CO 20L en medida 200\/250.<\/span><\/p>\n","protected":false},"excerpt":{"rendered":"<ul>\n<li><em>Prunus armeniaca<\/em><\/li>\n<li>&#8216;Priscia&#8217;, &#8216;Robada&#8217;<\/li>\n<\/ul>\n<p>&nbsp;<\/p>\n","protected":false},"featured_media":117258,"comment_status":"closed","ping_status":"closed","template":"","meta":[],"product_cat":[388,390],"product_tag":[],"olea_europaea":[],"palmacia":[],"planta_forestal":[],"arbres":[],"arbustos_i_coniferes":[],"fruiters":[391],"complements_jardi":[],"class_list":["post-117412","product","type-product","status-publish","has-post-thumbnail","hentry","product_cat-catalogo-de-produtos-2021","product_cat-arvores-de-fruto","fruiters-arvores-de-fruto"],"yoast_head":"<!-- This site is optimized with the Yoast SEO plugin v21.1 - https:\/\/yoast.com\/wordpress\/plugins\/seo\/ -->\n<title>Abric\u00f3 | Cultius Pon\u00e7<\/title>\n<meta name=\"robots\" content=\"index, follow, max-snippet:-1, max-image-preview:large, max-video-preview:-1\" \/>\n<link rel=\"canonical\" href=\"https:\/\/cultius.predev.eu\/pt-pt\/producto\/prunus-armeniaca\/\" \/>\n<meta property=\"og:locale\" content=\"pt_PT\" \/>\n<meta property=\"og:type\" content=\"article\" \/>\n<meta property=\"og:title\" content=\"Abric\u00f3 | Cultius Pon\u00e7\" \/>\n<meta property=\"og:description\" content=\"Prunus armeniaca  &#039;Priscia&#039;, &#039;Robada&#039; &nbsp;\" \/>\n<meta property=\"og:url\" content=\"https:\/\/cultius.predev.eu\/pt-pt\/producto\/prunus-armeniaca\/\" \/>\n<meta property=\"og:site_name\" content=\"Cultius Pon\u00e7\" \/>\n<meta property=\"article:modified_time\" content=\"2023-07-18T16:29:14+00:00\" \/>\n<meta property=\"og:image\" content=\"https:\/\/cultius.predev.eu\/wp-content\/uploads\/2022\/12\/cultius-ponc-frutales-prunus-armeniaca.jpg\" \/>\n\t<meta property=\"og:image:width\" content=\"1600\" \/>\n\t<meta property=\"og:image:height\" content=\"707\" \/>\n\t<meta property=\"og:image:type\" content=\"image\/jpeg\" \/>\n<meta name=\"twitter:card\" content=\"summary_large_image\" \/>\n<script type=\"application\/ld+json\" class=\"yoast-schema-graph\">{\"@context\":\"https:\/\/schema.org\",\"@graph\":[{\"@type\":\"WebPage\",\"@id\":\"https:\/\/cultius.predev.eu\/pt-pt\/producto\/prunus-armeniaca\/\",\"url\":\"https:\/\/cultius.predev.eu\/pt-pt\/producto\/prunus-armeniaca\/\",\"name\":\"Abric\u00f3 | Cultius Pon\u00e7\",\"isPartOf\":{\"@id\":\"https:\/\/cultius.predev.eu\/pt-pt\/#website\"},\"datePublished\":\"2023-07-07T13:36:57+00:00\",\"dateModified\":\"2023-07-18T16:29:14+00:00\",\"breadcrumb\":{\"@id\":\"https:\/\/cultius.predev.eu\/pt-pt\/producto\/prunus-armeniaca\/#breadcrumb\"},\"inLanguage\":\"pt-PT\",\"potentialAction\":[{\"@type\":\"ReadAction\",\"target\":[\"https:\/\/cultius.predev.eu\/pt-pt\/producto\/prunus-armeniaca\/\"]}]},{\"@type\":\"BreadcrumbList\",\"@id\":\"https:\/\/cultius.predev.eu\/pt-pt\/producto\/prunus-armeniaca\/#breadcrumb\",\"itemListElement\":[{\"@type\":\"ListItem\",\"position\":1,\"name\":\"Inici\",\"item\":\"https:\/\/cultius.predev.eu\/pt-pt\/\"},{\"@type\":\"ListItem\",\"position\":2,\"name\":\"Products\",\"item\":\"https:\/\/cultius.predev.eu\/pt-pt\/shop\/\"},{\"@type\":\"ListItem\",\"position\":3,\"name\":\"Abric\u00f3\"}]},{\"@type\":\"WebSite\",\"@id\":\"https:\/\/cultius.predev.eu\/pt-pt\/#website\",\"url\":\"https:\/\/cultius.predev.eu\/pt-pt\/\",\"name\":\"Cultius Pon\u00e7\",\"description\":\"Garden i vivers | Exemplars, palmeres, oliveres i accessoris per a jardins\",\"publisher\":{\"@id\":\"https:\/\/cultius.predev.eu\/pt-pt\/#organization\"},\"potentialAction\":[{\"@type\":\"SearchAction\",\"target\":{\"@type\":\"EntryPoint\",\"urlTemplate\":\"https:\/\/cultius.predev.eu\/pt-pt\/?s={search_term_string}\"},\"query-input\":\"required name=search_term_string\"}],\"inLanguage\":\"pt-PT\"},{\"@type\":\"Organization\",\"@id\":\"https:\/\/cultius.predev.eu\/pt-pt\/#organization\",\"name\":\"Cultius Pon\u00e7\",\"url\":\"https:\/\/cultius.predev.eu\/pt-pt\/\",\"logo\":{\"@type\":\"ImageObject\",\"inLanguage\":\"pt-PT\",\"@id\":\"https:\/\/cultius.predev.eu\/pt-pt\/#\/schema\/logo\/image\/\",\"url\":\"https:\/\/cultiusponc.com\/wp-content\/uploads\/2022\/11\/Logo-cultius-ponc.svg\",\"contentUrl\":\"https:\/\/cultiusponc.com\/wp-content\/uploads\/2022\/11\/Logo-cultius-ponc.svg\",\"width\":1,\"height\":1,\"caption\":\"Cultius Pon\u00e7\"},\"image\":{\"@id\":\"https:\/\/cultius.predev.eu\/pt-pt\/#\/schema\/logo\/image\/\"},\"sameAs\":[\"https:\/\/www.instagram.com\/cultius_ponc\/\",\"https:\/\/cultiusponc.com\"]}]}<\/script>\n<!-- \/ Yoast SEO plugin. -->","yoast_head_json":{"title":"Abric\u00f3 | Cultius Pon\u00e7","robots":{"index":"index","follow":"follow","max-snippet":"max-snippet:-1","max-image-preview":"max-image-preview:large","max-video-preview":"max-video-preview:-1"},"canonical":"https:\/\/cultius.predev.eu\/pt-pt\/producto\/prunus-armeniaca\/","og_locale":"pt_PT","og_type":"article","og_title":"Abric\u00f3 | Cultius Pon\u00e7","og_description":"Prunus armeniaca  'Priscia', 'Robada' &nbsp;","og_url":"https:\/\/cultius.predev.eu\/pt-pt\/producto\/prunus-armeniaca\/","og_site_name":"Cultius Pon\u00e7","article_modified_time":"2023-07-18T16:29:14+00:00","og_image":[{"width":1600,"height":707,"url":"https:\/\/cultius.predev.eu\/wp-content\/uploads\/2022\/12\/cultius-ponc-frutales-prunus-armeniaca.jpg","type":"image\/jpeg"}],"twitter_card":"summary_large_image","schema":{"@context":"https:\/\/schema.org","@graph":[{"@type":"WebPage","@id":"https:\/\/cultius.predev.eu\/pt-pt\/producto\/prunus-armeniaca\/","url":"https:\/\/cultius.predev.eu\/pt-pt\/producto\/prunus-armeniaca\/","name":"Abric\u00f3 | Cultius Pon\u00e7","isPartOf":{"@id":"https:\/\/cultius.predev.eu\/pt-pt\/#website"},"datePublished":"2023-07-07T13:36:57+00:00","dateModified":"2023-07-18T16:29:14+00:00","breadcrumb":{"@id":"https:\/\/cultius.predev.eu\/pt-pt\/producto\/prunus-armeniaca\/#breadcrumb"},"inLanguage":"pt-PT","potentialAction":[{"@type":"ReadAction","target":["https:\/\/cultius.predev.eu\/pt-pt\/producto\/prunus-armeniaca\/"]}]},{"@type":"BreadcrumbList","@id":"https:\/\/cultius.predev.eu\/pt-pt\/producto\/prunus-armeniaca\/#breadcrumb","itemListElement":[{"@type":"ListItem","position":1,"name":"Inici","item":"https:\/\/cultius.predev.eu\/pt-pt\/"},{"@type":"ListItem","position":2,"name":"Products","item":"https:\/\/cultius.predev.eu\/pt-pt\/shop\/"},{"@type":"ListItem","position":3,"name":"Abric\u00f3"}]},{"@type":"WebSite","@id":"https:\/\/cultius.predev.eu\/pt-pt\/#website","url":"https:\/\/cultius.predev.eu\/pt-pt\/","name":"Cultius Pon\u00e7","description":"Garden i vivers | Exemplars, palmeres, oliveres i accessoris per a jardins","publisher":{"@id":"https:\/\/cultius.predev.eu\/pt-pt\/#organization"},"potentialAction":[{"@type":"SearchAction","target":{"@type":"EntryPoint","urlTemplate":"https:\/\/cultius.predev.eu\/pt-pt\/?s={search_term_string}"},"query-input":"required name=search_term_string"}],"inLanguage":"pt-PT"},{"@type":"Organization","@id":"https:\/\/cultius.predev.eu\/pt-pt\/#organization","name":"Cultius Pon\u00e7","url":"https:\/\/cultius.predev.eu\/pt-pt\/","logo":{"@type":"ImageObject","inLanguage":"pt-PT","@id":"https:\/\/cultius.predev.eu\/pt-pt\/#\/schema\/logo\/image\/","url":"https:\/\/cultiusponc.com\/wp-content\/uploads\/2022\/11\/Logo-cultius-ponc.svg","contentUrl":"https:\/\/cultiusponc.com\/wp-content\/uploads\/2022\/11\/Logo-cultius-ponc.svg","width":1,"height":1,"caption":"Cultius Pon\u00e7"},"image":{"@id":"https:\/\/cultius.predev.eu\/pt-pt\/#\/schema\/logo\/image\/"},"sameAs":["https:\/\/www.instagram.com\/cultius_ponc\/","https:\/\/cultiusponc.com"]}]}},"_links":{"self":[{"href":"https:\/\/cultius.predev.eu\/pt-pt\/wp-json\/wp\/v2\/product\/117412","targetHints":{"allow":["GET"]}}],"collection":[{"href":"https:\/\/cultius.predev.eu\/pt-pt\/wp-json\/wp\/v2\/product"}],"about":[{"href":"https:\/\/cultius.predev.eu\/pt-pt\/wp-json\/wp\/v2\/types\/product"}],"replies":[{"embeddable":true,"href":"https:\/\/cultius.predev.eu\/pt-pt\/wp-json\/wp\/v2\/comments?post=117412"}],"wp:featuredmedia":[{"embeddable":true,"href":"https:\/\/cultius.predev.eu\/pt-pt\/wp-json\/wp\/v2\/media\/117258"}],"wp:attachment":[{"href":"https:\/\/cultius.predev.eu\/pt-pt\/wp-json\/wp\/v2\/media?parent=117412"}],"wp:term":[{"taxonomy":"product_cat","embeddable":true,"href":"https:\/\/cultius.predev.eu\/pt-pt\/wp-json\/wp\/v2\/product_cat?post=117412"},{"taxonomy":"product_tag","embeddable":true,"href":"https:\/\/cultius.predev.eu\/pt-pt\/wp-json\/wp\/v2\/product_tag?post=117412"},{"taxonomy":"olea_europaea","embeddable":true,"href":"https:\/\/cultius.predev.eu\/pt-pt\/wp-json\/wp\/v2\/olea_europaea?post=117412"},{"taxonomy":"palmacia","embeddable":true,"href":"https:\/\/cultius.predev.eu\/pt-pt\/wp-json\/wp\/v2\/palmacia?post=117412"},{"taxonomy":"planta_forestal","embeddable":true,"href":"https:\/\/cultius.predev.eu\/pt-pt\/wp-json\/wp\/v2\/planta_forestal?post=117412"},{"taxonomy":"arbres","embeddable":true,"href":"https:\/\/cultius.predev.eu\/pt-pt\/wp-json\/wp\/v2\/arbres?post=117412"},{"taxonomy":"arbustos_i_coniferes","embeddable":true,"href":"https:\/\/cultius.predev.eu\/pt-pt\/wp-json\/wp\/v2\/arbustos_i_coniferes?post=117412"},{"taxonomy":"fruiters","embeddable":true,"href":"https:\/\/cultius.predev.eu\/pt-pt\/wp-json\/wp\/v2\/fruiters?post=117412"},{"taxonomy":"complements_jardi","embeddable":true,"href":"https:\/\/cultius.predev.eu\/pt-pt\/wp-json\/wp\/v2\/complements_jardi?post=117412"}],"curies":[{"name":"wp","href":"https:\/\/api.w.org\/{rel}","templated":true}]}}