{"id":26,"date":"2022-10-19T17:07:08","date_gmt":"2022-10-19T17:07:08","guid":{"rendered":"https:\/\/cultiusponc.com\/exemple-de-page\/"},"modified":"2023-06-27T11:30:03","modified_gmt":"2023-06-27T11:30:03","slug":"exemple-de-page","status":"publish","type":"page","link":"https:\/\/cultius.predev.eu\/fr\/","title":{"rendered":"Cultius Pon\u00e7"},"content":{"rendered":"<section class=\"wpb-content-wrapper\"><p>[vc_row row_height_percent=&#8221;0&#8243; override_padding=&#8221;yes&#8221; h_padding=&#8221;2&#8243; top_padding=&#8221;7&#8243; bottom_padding=&#8221;7&#8243; back_image=&#8221;115762&#8243; overlay_color=&#8221;color-jevc&#8221; overlay_alpha=&#8221;30&#8243; equal_height=&#8221;yes&#8221; gutter_size=&#8221;0&#8243; column_width_use_pixel=&#8221;yes&#8221; shift_y=&#8221;0&#8243; z_index=&#8221;0&#8243; medium_visibility=&#8221;yes&#8221; mobile_visibility=&#8221;yes&#8221; row_name=&#8221;Welcome&#8221; uncode_shortcode_id=&#8221;175810&#8243; row_height_pixel=&#8221;450&#8243; overlay_color_type=&#8221;uncode-palette&#8221;][vc_column column_width_use_pixel=&#8221;yes&#8221; position_vertical=&#8221;bottom&#8221; align_horizontal=&#8221;align_center&#8221; gutter_size=&#8221;3&#8243; style=&#8221;dark&#8221; overlay_alpha=&#8221;50&#8243; shift_x=&#8221;0&#8243; shift_y=&#8221;0&#8243; shift_y_down=&#8221;0&#8243; z_index=&#8221;0&#8243; medium_width=&#8221;0&#8243; mobile_width=&#8221;0&#8243; width=&#8221;1\/1&#8243; uncode_shortcode_id=&#8221;244656&#8243;][vc_row_inner][vc_column_inner column_width_percent=&#8221;100&#8243; position_vertical=&#8221;bottom&#8221; align_horizontal=&#8221;align_center&#8221; gutter_size=&#8221;3&#8243; style=&#8221;dark&#8221; overlay_alpha=&#8221;50&#8243; shift_x=&#8221;0&#8243; shift_y=&#8221;0&#8243; shift_y_down=&#8221;0&#8243; z_index=&#8221;0&#8243; medium_width=&#8221;0&#8243; mobile_width=&#8221;0&#8243; radius=&#8221;lg&#8221; width=&#8221;1\/1&#8243; uncode_shortcode_id=&#8221;157436&#8243;][vc_icon icon=&#8221;fa fa-play&#8221; background_style=&#8221;fa-rounded&#8221; size=&#8221;fa-2x&#8221; icon_automatic=&#8221;yes&#8221; shadow=&#8221;yes&#8221; text_size=&#8221;h4&#8243; css_animation=&#8221;zoom-in&#8221; animation_speed=&#8221;1000&#8243; animation_delay=&#8221;1000&#8243; media_lightbox=&#8221;116797&#8243; uncode_shortcode_id=&#8221;166034&#8243; title=&#8221;Voir la vid\u00e9o de la pr\u00e9sentation&#8221;][\/vc_icon][vc_custom_heading text_color=&#8221;color-xsdn&#8221; heading_semantic=&#8221;h3&#8243; text_size=&#8221;fontsize-155944&#8243; text_weight=&#8221;700&#8243; sub_lead=&#8221;yes&#8221; sub_reduced=&#8221;yes&#8221; uncode_shortcode_id=&#8221;415087&#8243; text_color_type=&#8221;uncode-palette&#8221;]P\u00e9pini\u00e8res et arboriculture[\/vc_custom_heading][\/vc_column_inner][\/vc_row_inner][\/vc_column][\/vc_row][vc_row row_height_percent=&#8221;0&#8243; back_image=&#8221;115658&#8243; overlay_color=&#8221;color-jevc&#8221; overlay_alpha=&#8221;30&#8243; equal_height=&#8221;yes&#8221; gutter_size=&#8221;0&#8243; column_width_use_pixel=&#8221;yes&#8221; shift_y=&#8221;0&#8243; z_index=&#8221;0&#8243; desktop_visibility=&#8221;yes&#8221; row_name=&#8221;Welcome&#8221; uncode_shortcode_id=&#8221;693355&#8243; overlay_color_type=&#8221;uncode-palette&#8221; row_height_pixel=&#8221;400&#8243;][vc_column column_width_use_pixel=&#8221;yes&#8221; position_vertical=&#8221;middle&#8221; align_horizontal=&#8221;align_center&#8221; gutter_size=&#8221;3&#8243; style=&#8221;dark&#8221; overlay_alpha=&#8221;50&#8243; shift_x=&#8221;0&#8243; shift_y=&#8221;0&#8243; shift_y_down=&#8221;0&#8243; z_index=&#8221;0&#8243; medium_width=&#8221;0&#8243; mobile_width=&#8221;0&#8243; width=&#8221;1\/1&#8243; uncode_shortcode_id=&#8221;134553&#8243;][vc_icon icon=&#8221;fa fa-play&#8221; background_style=&#8221;fa-rounded&#8221; size=&#8221;fa-2x&#8221; icon_automatic=&#8221;yes&#8221; shadow=&#8221;yes&#8221; text_size=&#8221;h4&#8243; media_lightbox=&#8221;116797&#8243; uncode_shortcode_id=&#8221;984420&#8243; title=&#8221;Voir la vid\u00e9o de la pr\u00e9sentation&#8221;][\/vc_icon][vc_custom_heading text_color=&#8221;color-xsdn&#8221; heading_semantic=&#8221;h3&#8243; text_size=&#8221;fontsize-155944&#8243; text_weight=&#8221;700&#8243; sub_lead=&#8221;yes&#8221; sub_reduced=&#8221;yes&#8221; uncode_shortcode_id=&#8221;415087&#8243; text_color_type=&#8221;uncode-palette&#8221;]P\u00e9pini\u00e8res et arboriculture[\/vc_custom_heading][\/vc_column][\/vc_row][vc_row unlock_row_content=&#8221;yes&#8221; row_height_percent=&#8221;0&#8243; override_padding=&#8221;yes&#8221; h_padding=&#8221;0&#8243; top_padding=&#8221;2&#8243; bottom_padding=&#8221;2&#8243; overlay_alpha=&#8221;50&#8243; gutter_size=&#8221;3&#8243; column_width_use_pixel=&#8221;yes&#8221; shift_y=&#8221;0&#8243; z_index=&#8221;2&#8243; uncode_shortcode_id=&#8221;115172&#8243;][vc_column column_width_use_pixel=&#8221;yes&#8221; align_horizontal=&#8221;align_center&#8221; gutter_size=&#8221;3&#8243; override_padding=&#8221;yes&#8221; column_padding=&#8221;3&#8243; style=&#8221;dark&#8221; back_color=&#8221;color-210407&#8243; overlay_alpha=&#8221;50&#8243; shift_x=&#8221;0&#8243; shift_y=&#8221;-3&#8243; shift_y_fixed=&#8221;yes&#8221; shift_y_down=&#8221;0&#8243; z_index=&#8221;0&#8243; medium_width=&#8221;0&#8243; mobile_width=&#8221;0&#8243; radius=&#8221;lg&#8221; width=&#8221;1\/1&#8243; uncode_shortcode_id=&#8221;796308&#8243; back_color_type=&#8221;uncode-palette&#8221; column_width_pixel=&#8221;1200&#8243;][vc_row_inner row_inner_height_percent=&#8221;0&#8243; overlay_alpha=&#8221;50&#8243; gutter_size=&#8221;3&#8243; shift_y=&#8221;0&#8243; z_index=&#8221;0&#8243; uncode_shortcode_id=&#8221;171503&#8243;][vc_column_inner column_width_percent=&#8221;100&#8243; gutter_size=&#8221;3&#8243; style=&#8221;dark&#8221; overlay_alpha=&#8221;50&#8243; border_style=&#8221;solid&#8221; shift_x=&#8221;0&#8243; shift_y=&#8221;0&#8243; shift_y_down=&#8221;0&#8243; z_index=&#8221;0&#8243; align_medium=&#8221;align_left_tablet&#8221; medium_width=&#8221;0&#8243; align_mobile=&#8221;align_left_mobile&#8221; mobile_width=&#8221;0&#8243; width=&#8221;1\/3&#8243; uncode_shortcode_id=&#8221;414843&#8243;][vc_icon position=&#8221;left&#8221; title_aligned_icon=&#8221;yes&#8221; icon_image=&#8221;115588&#8243; icon_color=&#8221;accent&#8221; media_size=&#8221;50&#8243; text_size=&#8221;h4&#8243; add_margin=&#8221;yes&#8221; title=&#8221;Oliviers&#8221; link=&#8221;|||&#8221; uncode_shortcode_id=&#8221;922682&#8243; icon_color_type=&#8221;uncode-palette&#8221;]Plus de vingt ans de production, d&#8217;arrachage, de repiquage et d&#8217;entretien des oliviers.[\/vc_icon][\/vc_column_inner][vc_column_inner column_width_percent=&#8221;100&#8243; gutter_size=&#8221;3&#8243; style=&#8221;dark&#8221; overlay_alpha=&#8221;50&#8243; border_style=&#8221;solid&#8221; shift_x=&#8221;0&#8243; shift_y=&#8221;0&#8243; shift_y_down=&#8221;0&#8243; z_index=&#8221;0&#8243; align_medium=&#8221;align_left_tablet&#8221; medium_width=&#8221;0&#8243; align_mobile=&#8221;align_left_mobile&#8221; mobile_width=&#8221;0&#8243; width=&#8221;1\/3&#8243; uncode_shortcode_id=&#8221;333730&#8243; css=&#8221;.vc_custom_1674820330919{padding-right: 20px !important;}&#8221;][vc_icon position=&#8221;left&#8221; title_aligned_icon=&#8221;yes&#8221; icon_image=&#8221;113740&#8243; icon_color=&#8221;accent&#8221; media_size=&#8221;50&#8243; text_size=&#8221;h4&#8243; add_margin=&#8221;yes&#8221; title=&#8221;Vente d\u2019arbres&#8221; link=&#8221;|||&#8221; uncode_shortcode_id=&#8221;106664&#8243; icon_color_type=&#8221;uncode-palette&#8221;]Nous mettons \u00e0 votre disposition une grande vari\u00e9t\u00e9 d&#8217;esp\u00e8ces d&#8217;arbres.[\/vc_icon][\/vc_column_inner][vc_column_inner column_width_percent=&#8221;100&#8243; gutter_size=&#8221;3&#8243; style=&#8221;dark&#8221; overlay_alpha=&#8221;50&#8243; shift_x=&#8221;0&#8243; shift_y=&#8221;0&#8243; shift_y_down=&#8221;0&#8243; z_index=&#8221;0&#8243; align_medium=&#8221;align_left_tablet&#8221; medium_width=&#8221;0&#8243; align_mobile=&#8221;align_left_mobile&#8221; mobile_width=&#8221;0&#8243; width=&#8221;1\/3&#8243; uncode_shortcode_id=&#8221;729178&#8243;][vc_icon position=&#8221;left&#8221; title_aligned_icon=&#8221;yes&#8221; icon_image=&#8221;115584&#8243; icon_color=&#8221;accent&#8221; media_size=&#8221;50&#8243; text_size=&#8221;h4&#8243; add_margin=&#8221;yes&#8221; title=&#8221;Transport&#8221; link=&#8221;|||&#8221; uncode_shortcode_id=&#8221;780103&#8243; icon_color_type=&#8221;uncode-palette&#8221;]Nous transportons nos arbres \u00e0 n\u2019importe quel point de notre plan\u00e8te.[\/vc_icon][\/vc_column_inner][\/vc_row_inner][\/vc_column][\/vc_row][vc_row row_height_percent=&#8221;0&#8243; override_padding=&#8221;yes&#8221; h_padding=&#8221;2&#8243; top_padding=&#8221;2&#8243; bottom_padding=&#8221;2&#8243; overlay_alpha=&#8221;50&#8243; gutter_size=&#8221;2&#8243; column_width_percent=&#8221;100&#8243; shift_y=&#8221;0&#8243; z_index=&#8221;0&#8243; uncode_shortcode_id=&#8221;679688&#8243;][vc_column column_width_use_pixel=&#8221;yes&#8221; align_horizontal=&#8221;align_center&#8221; gutter_size=&#8221;3&#8243; overlay_alpha=&#8221;50&#8243; shift_x=&#8221;0&#8243; shift_y=&#8221;0&#8243; shift_y_down=&#8221;0&#8243; z_index=&#8221;0&#8243; medium_width=&#8221;0&#8243; mobile_width=&#8221;0&#8243; width=&#8221;1\/1&#8243; uncode_shortcode_id=&#8221;132745&#8243; column_width_pixel=&#8221;900&#8243;][vc_custom_heading heading_semantic=&#8221;h1&#8243; text_size=&#8221;h1&#8243; sub_lead=&#8221;yes&#8221; uncode_shortcode_id=&#8221;515393&#8243; subheading=&#8221;Plantes m\u00e9diterran\u00e9ennes, palmiers, arbustes, conif\u00e8res et arbres fruitiers. Nous sommes situ\u00e9 entre Barcelone et G\u00e9rone, \u00e0 moins de 100 km de la fronti\u00e8re fran\u00e7aise.&#8221;]Cultius Pon\u00e7: sp\u00e9cialistes des oliviers centenaires et des sp\u00e9cimens uniques[\/vc_custom_heading][\/vc_column][\/vc_row][vc_row unlock_row_content=&#8221;yes&#8221; row_height_percent=&#8221;0&#8243; override_padding=&#8221;yes&#8221; h_padding=&#8221;0&#8243; top_padding=&#8221;2&#8243; bottom_padding=&#8221;2&#8243; overlay_alpha=&#8221;50&#8243; gutter_size=&#8221;2&#8243; column_width_percent=&#8221;100&#8243; shift_y=&#8221;0&#8243; z_index=&#8221;0&#8243; uncode_shortcode_id=&#8221;195426&#8243;][vc_column column_width_use_pixel=&#8221;yes&#8221; align_horizontal=&#8221;align_center&#8221; gutter_size=&#8221;4&#8243; overlay_alpha=&#8221;50&#8243; shift_x=&#8221;0&#8243; shift_y=&#8221;0&#8243; shift_y_down=&#8221;0&#8243; z_index=&#8221;0&#8243; medium_width=&#8221;0&#8243; mobile_width=&#8221;0&#8243; width=&#8221;1\/1&#8243; uncode_shortcode_id=&#8221;184220&#8243; column_width_pixel=&#8221;1270&#8243;][uncode_index el_id=&#8221;index-765034995&#8243; loop=&#8221;size:9|order_by:date|order:ASC|post_type:page|by_id:114048,114040,113775,113921,113769,114059,114065,114071,114077|taxonomy_count:10&#8243; screen_lg=&#8221;1000&#8243; screen_md=&#8221;600&#8243; screen_sm=&#8221;480&#8243; gutter_size=&#8221;2&#8243; post_items=&#8221;media|featured|onpost|poster,date,title,text|excerpt|180,category|bordered|topright|hide-icon,spacer|one,sep-one|full,spacer_two|one,author|md_size|hide_qualification&#8221; page_items=&#8221;icon|lg,media|featured|onpost|original,title,spacer|one&#8221; images_size=&#8221;four-three&#8221; single_shape=&#8221;round&#8221; single_overlay_color=&#8221;color-366506&#8243; single_overlay_opacity=&#8221;80&#8243; single_text_anim_type=&#8221;btt&#8221; single_h_align=&#8221;center&#8221; single_padding=&#8221;2&#8243; single_title_dimension=&#8221;h5&#8243; single_border=&#8221;yes&#8221; uncode_shortcode_id=&#8221;152259&#8243; items=&#8221;e30=&#8221; single_icon=&#8221;fa fa-eye&#8221;][\/vc_column][\/vc_row]<\/p>\n<\/section>","protected":false},"excerpt":{"rendered":"<p>[vc_row row_height_percent=&#8221;0&#8243; override_padding=&#8221;yes&#8221; h_padding=&#8221;2&#8243; top_padding=&#8221;7&#8243; bottom_padding=&#8221;7&#8243; back_image=&#8221;115762&#8243; overlay_color=&#8221;color-jevc&#8221; overlay_alpha=&#8221;30&#8243; equal_height=&#8221;yes&#8221; gutter_size=&#8221;0&#8243; column_width_use_pixel=&#8221;yes&#8221; shift_y=&#8221;0&#8243; z_index=&#8221;0&#8243; medium_visibility=&#8221;yes&#8221; mobile_visibility=&#8221;yes&#8221; row_name=&#8221;Welcome&#8221; uncode_shortcode_id=&#8221;175810&#8243; row_height_pixel=&#8221;450&#8243; overlay_color_type=&#8221;uncode-palette&#8221;][vc_column [&hellip;]<\/p>\n","protected":false},"author":1,"featured_media":0,"parent":0,"menu_order":0,"comment_status":"closed","ping_status":"closed","template":"","meta":{"footnotes":""},"class_list":["post-26","page","type-page","status-publish","hentry"],"yoast_head":"<!-- This site is optimized with the Yoast SEO plugin v21.1 - https:\/\/yoast.com\/wordpress\/plugins\/seo\/ -->\n<title>Cultius Pon\u00e7 | P\u00e9pini\u00e8res et arboriculture<\/title>\n<meta name=\"description\" content=\"Cultius Pon\u00e7 poss\u00e8de plus de 80 hectares d\u00e9di\u00e9s \u00e0 la culture d&#039;oliviers, de plantes ornementales et m\u00e9diterran\u00e9ennes, d&#039;arbres, de palmiers, d&#039;arbustes, de conif\u00e8res et d&#039;arbres fruitiers.\" \/>\n<meta name=\"robots\" content=\"index, follow, max-snippet:-1, max-image-preview:large, max-video-preview:-1\" \/>\n<link rel=\"canonical\" href=\"https:\/\/cultius.predev.eu\/fr\/\" \/>\n<meta property=\"og:locale\" content=\"fr_FR\" \/>\n<meta property=\"og:type\" content=\"article\" \/>\n<meta property=\"og:title\" content=\"Cultius Pon\u00e7 | P\u00e9pini\u00e8res et arboriculture\" \/>\n<meta property=\"og:description\" content=\"Cultius Pon\u00e7 poss\u00e8de plus de 80 hectares d\u00e9di\u00e9s \u00e0 la culture d&#039;oliviers, de plantes ornementales et m\u00e9diterran\u00e9ennes, d&#039;arbres, de palmiers, d&#039;arbustes, de conif\u00e8res et d&#039;arbres fruitiers.\" \/>\n<meta property=\"og:url\" content=\"https:\/\/cultius.predev.eu\/fr\/\" \/>\n<meta property=\"og:site_name\" content=\"Cultius Pon\u00e7\" \/>\n<meta property=\"article:modified_time\" content=\"2023-06-27T11:30:03+00:00\" \/>\n<meta name=\"twitter:card\" content=\"summary_large_image\" \/>\n<meta name=\"twitter:label1\" content=\"Dur\u00e9e de lecture estim\u00e9e\" \/>\n\t<meta name=\"twitter:data1\" content=\"3 minutes\" \/>\n<script type=\"application\/ld+json\" class=\"yoast-schema-graph\">{\"@context\":\"https:\/\/schema.org\",\"@graph\":[{\"@type\":\"WebPage\",\"@id\":\"https:\/\/cultius.predev.eu\/fr\/\",\"url\":\"https:\/\/cultius.predev.eu\/fr\/\",\"name\":\"Cultius Pon\u00e7 | P\u00e9pini\u00e8res et arboriculture\",\"isPartOf\":{\"@id\":\"https:\/\/cultius.predev.eu\/fr\/#website\"},\"datePublished\":\"2022-10-19T17:07:08+00:00\",\"dateModified\":\"2023-06-27T11:30:03+00:00\",\"description\":\"Cultius Pon\u00e7 poss\u00e8de plus de 80 hectares d\u00e9di\u00e9s \u00e0 la culture d'oliviers, de plantes ornementales et m\u00e9diterran\u00e9ennes, d'arbres, de palmiers, d'arbustes, de conif\u00e8res et d'arbres fruitiers.\",\"breadcrumb\":{\"@id\":\"https:\/\/cultius.predev.eu\/fr\/#breadcrumb\"},\"inLanguage\":\"fr-FR\",\"potentialAction\":[{\"@type\":\"ReadAction\",\"target\":[\"https:\/\/cultius.predev.eu\/fr\/\"]}]},{\"@type\":\"BreadcrumbList\",\"@id\":\"https:\/\/cultius.predev.eu\/fr\/#breadcrumb\",\"itemListElement\":[{\"@type\":\"ListItem\",\"position\":1,\"name\":\"Inici\",\"item\":\"https:\/\/cultius.predev.eu\/fr\/\"},{\"@type\":\"ListItem\",\"position\":2,\"name\":\"Cultius Pon\u00e7\"}]},{\"@type\":\"WebSite\",\"@id\":\"https:\/\/cultius.predev.eu\/fr\/#website\",\"url\":\"https:\/\/cultius.predev.eu\/fr\/\",\"name\":\"Cultius Pon\u00e7\",\"description\":\"Garden i vivers | Exemplars, palmeres, oliveres i accessoris per a jardins\",\"publisher\":{\"@id\":\"https:\/\/cultius.predev.eu\/fr\/#organization\"},\"potentialAction\":[{\"@type\":\"SearchAction\",\"target\":{\"@type\":\"EntryPoint\",\"urlTemplate\":\"https:\/\/cultius.predev.eu\/fr\/?s={search_term_string}\"},\"query-input\":\"required name=search_term_string\"}],\"inLanguage\":\"fr-FR\"},{\"@type\":\"Organization\",\"@id\":\"https:\/\/cultius.predev.eu\/fr\/#organization\",\"name\":\"Cultius Pon\u00e7\",\"url\":\"https:\/\/cultius.predev.eu\/fr\/\",\"logo\":{\"@type\":\"ImageObject\",\"inLanguage\":\"fr-FR\",\"@id\":\"https:\/\/cultius.predev.eu\/fr\/#\/schema\/logo\/image\/\",\"url\":\"https:\/\/cultiusponc.com\/wp-content\/uploads\/2022\/11\/Logo-cultius-ponc.svg\",\"contentUrl\":\"https:\/\/cultiusponc.com\/wp-content\/uploads\/2022\/11\/Logo-cultius-ponc.svg\",\"width\":1,\"height\":1,\"caption\":\"Cultius Pon\u00e7\"},\"image\":{\"@id\":\"https:\/\/cultius.predev.eu\/fr\/#\/schema\/logo\/image\/\"},\"sameAs\":[\"https:\/\/www.instagram.com\/cultius_ponc\/\",\"https:\/\/cultiusponc.com\"]}]}<\/script>\n<!-- \/ Yoast SEO plugin. -->","yoast_head_json":{"title":"Cultius Pon\u00e7 | P\u00e9pini\u00e8res et arboriculture","description":"Cultius Pon\u00e7 poss\u00e8de plus de 80 hectares d\u00e9di\u00e9s \u00e0 la culture d'oliviers, de plantes ornementales et m\u00e9diterran\u00e9ennes, d'arbres, de palmiers, d'arbustes, de conif\u00e8res et d'arbres fruitiers.","robots":{"index":"index","follow":"follow","max-snippet":"max-snippet:-1","max-image-preview":"max-image-preview:large","max-video-preview":"max-video-preview:-1"},"canonical":"https:\/\/cultius.predev.eu\/fr\/","og_locale":"fr_FR","og_type":"article","og_title":"Cultius Pon\u00e7 | P\u00e9pini\u00e8res et arboriculture","og_description":"Cultius Pon\u00e7 poss\u00e8de plus de 80 hectares d\u00e9di\u00e9s \u00e0 la culture d'oliviers, de plantes ornementales et m\u00e9diterran\u00e9ennes, d'arbres, de palmiers, d'arbustes, de conif\u00e8res et d'arbres fruitiers.","og_url":"https:\/\/cultius.predev.eu\/fr\/","og_site_name":"Cultius Pon\u00e7","article_modified_time":"2023-06-27T11:30:03+00:00","twitter_card":"summary_large_image","twitter_misc":{"Dur\u00e9e de lecture estim\u00e9e":"3 minutes"},"schema":{"@context":"https:\/\/schema.org","@graph":[{"@type":"WebPage","@id":"https:\/\/cultius.predev.eu\/fr\/","url":"https:\/\/cultius.predev.eu\/fr\/","name":"Cultius Pon\u00e7 | P\u00e9pini\u00e8res et arboriculture","isPartOf":{"@id":"https:\/\/cultius.predev.eu\/fr\/#website"},"datePublished":"2022-10-19T17:07:08+00:00","dateModified":"2023-06-27T11:30:03+00:00","description":"Cultius Pon\u00e7 poss\u00e8de plus de 80 hectares d\u00e9di\u00e9s \u00e0 la culture d'oliviers, de plantes ornementales et m\u00e9diterran\u00e9ennes, d'arbres, de palmiers, d'arbustes, de conif\u00e8res et d'arbres fruitiers.","breadcrumb":{"@id":"https:\/\/cultius.predev.eu\/fr\/#breadcrumb"},"inLanguage":"fr-FR","potentialAction":[{"@type":"ReadAction","target":["https:\/\/cultius.predev.eu\/fr\/"]}]},{"@type":"BreadcrumbList","@id":"https:\/\/cultius.predev.eu\/fr\/#breadcrumb","itemListElement":[{"@type":"ListItem","position":1,"name":"Inici","item":"https:\/\/cultius.predev.eu\/fr\/"},{"@type":"ListItem","position":2,"name":"Cultius Pon\u00e7"}]},{"@type":"WebSite","@id":"https:\/\/cultius.predev.eu\/fr\/#website","url":"https:\/\/cultius.predev.eu\/fr\/","name":"Cultius Pon\u00e7","description":"Garden i vivers | Exemplars, palmeres, oliveres i accessoris per a jardins","publisher":{"@id":"https:\/\/cultius.predev.eu\/fr\/#organization"},"potentialAction":[{"@type":"SearchAction","target":{"@type":"EntryPoint","urlTemplate":"https:\/\/cultius.predev.eu\/fr\/?s={search_term_string}"},"query-input":"required name=search_term_string"}],"inLanguage":"fr-FR"},{"@type":"Organization","@id":"https:\/\/cultius.predev.eu\/fr\/#organization","name":"Cultius Pon\u00e7","url":"https:\/\/cultius.predev.eu\/fr\/","logo":{"@type":"ImageObject","inLanguage":"fr-FR","@id":"https:\/\/cultius.predev.eu\/fr\/#\/schema\/logo\/image\/","url":"https:\/\/cultiusponc.com\/wp-content\/uploads\/2022\/11\/Logo-cultius-ponc.svg","contentUrl":"https:\/\/cultiusponc.com\/wp-content\/uploads\/2022\/11\/Logo-cultius-ponc.svg","width":1,"height":1,"caption":"Cultius Pon\u00e7"},"image":{"@id":"https:\/\/cultius.predev.eu\/fr\/#\/schema\/logo\/image\/"},"sameAs":["https:\/\/www.instagram.com\/cultius_ponc\/","https:\/\/cultiusponc.com"]}]}},"_links":{"self":[{"href":"https:\/\/cultius.predev.eu\/fr\/wp-json\/wp\/v2\/pages\/26","targetHints":{"allow":["GET"]}}],"collection":[{"href":"https:\/\/cultius.predev.eu\/fr\/wp-json\/wp\/v2\/pages"}],"about":[{"href":"https:\/\/cultius.predev.eu\/fr\/wp-json\/wp\/v2\/types\/page"}],"author":[{"embeddable":true,"href":"https:\/\/cultius.predev.eu\/fr\/wp-json\/wp\/v2\/users\/1"}],"replies":[{"embeddable":true,"href":"https:\/\/cultius.predev.eu\/fr\/wp-json\/wp\/v2\/comments?post=26"}],"version-history":[{"count":0,"href":"https:\/\/cultius.predev.eu\/fr\/wp-json\/wp\/v2\/pages\/26\/revisions"}],"wp:attachment":[{"href":"https:\/\/cultius.predev.eu\/fr\/wp-json\/wp\/v2\/media?parent=26"}],"curies":[{"name":"wp","href":"https:\/\/api.w.org\/{rel}","templated":true}]}}