{"id":115851,"date":"2023-06-20T09:27:58","date_gmt":"2023-06-20T09:27:58","guid":{"rendered":"https:\/\/cultiusponc.com\/logistique\/"},"modified":"2023-07-24T09:01:04","modified_gmt":"2023-07-24T09:01:04","slug":"logistique","status":"publish","type":"page","link":"https:\/\/cultius.predev.eu\/fr\/logistique\/","title":{"rendered":"Logistique"},"content":{"rendered":"<section class=\"wpb-content-wrapper\"><p>[vc_row row_height_percent=&#8221;0&#8243; override_padding=&#8221;yes&#8221; h_padding=&#8221;2&#8243; top_padding=&#8221;3&#8243; bottom_padding=&#8221;2&#8243; overlay_alpha=&#8221;50&#8243; gutter_size=&#8221;3&#8243; column_width_percent=&#8221;100&#8243; shift_y=&#8221;0&#8243; z_index=&#8221;0&#8243; uncode_shortcode_id=&#8221;199075&#8243;][vc_column column_width_use_pixel=&#8221;yes&#8221; align_horizontal=&#8221;align_center&#8221; gutter_size=&#8221;3&#8243; overlay_alpha=&#8221;50&#8243; shift_x=&#8221;0&#8243; shift_y=&#8221;0&#8243; shift_y_down=&#8221;0&#8243; z_index=&#8221;0&#8243; medium_width=&#8221;0&#8243; mobile_width=&#8221;0&#8243; width=&#8221;1\/1&#8243; column_width_pixel=&#8221;900&#8243; uncode_shortcode_id=&#8221;188993&#8243;][vc_icon icon_image=&#8221;115349&#8243; media_size=&#8221;200&#8243; uncode_shortcode_id=&#8221;259136&#8243;][\/vc_icon][vc_custom_heading heading_semantic=&#8221;h3&#8243; text_size=&#8221;fontsize-155944&#8243; uncode_shortcode_id=&#8221;163041&#8243;]Nous transportons nos produits partout dans le monde[\/vc_custom_heading][vc_custom_heading text_color=&#8221;color-wvjs&#8221; heading_semantic=&#8221;p&#8221; text_size=&#8221;h3&#8243; text_height=&#8221;fontheight-524109&#8243; uncode_shortcode_id=&#8221;579208&#8243; text_color_type=&#8221;uncode-palette&#8221;]Chez Cultius Pon\u00e7, nous avons notre propre flotte compos\u00e9e de plus de :[\/vc_custom_heading][vc_row_inner row_inner_height_percent=&#8221;0&#8243; overlay_alpha=&#8221;50&#8243; gutter_size=&#8221;4&#8243; shift_y=&#8221;0&#8243; z_index=&#8221;0&#8243;][vc_column_inner column_width_percent=&#8221;100&#8243; align_horizontal=&#8221;align_right&#8221; gutter_size=&#8221;2&#8243; overlay_alpha=&#8221;50&#8243; shift_x=&#8221;0&#8243; shift_y=&#8221;0&#8243; shift_y_down=&#8221;0&#8243; z_index=&#8221;0&#8243; medium_width=&#8221;4&#8243; align_mobile=&#8221;align_center_mobile&#8221; mobile_width=&#8221;0&#8243; radius=&#8221;sm&#8221; width=&#8221;1\/2&#8243;][uncode_counter value=&#8221;40&#8243; counter_color=&#8221;accent&#8221; size=&#8221;fontsize-445851&#8243; weight=&#8221;600&#8243; height=&#8221;fontheight-179065&#8243; uncode_shortcode_id=&#8221;126031&#8243; counter_color_type=&#8221;uncode-palette&#8221;][vc_custom_heading heading_semantic=&#8221;h3&#8243; text_size=&#8221;h4&#8243; uncode_shortcode_id=&#8221;469109&#8243;]V\u00e9hicules[\/vc_custom_heading][\/vc_column_inner][vc_column_inner column_width_percent=&#8221;100&#8243; gutter_size=&#8221;2&#8243; overlay_alpha=&#8221;50&#8243; shift_x=&#8221;0&#8243; shift_y=&#8221;0&#8243; shift_y_down=&#8221;0&#8243; z_index=&#8221;0&#8243; medium_width=&#8221;4&#8243; align_mobile=&#8221;align_center_mobile&#8221; mobile_width=&#8221;0&#8243; radius=&#8221;sm&#8221; width=&#8221;1\/2&#8243;][uncode_counter value=&#8221;30&#8243; counter_color=&#8221;accent&#8221; size=&#8221;fontsize-445851&#8243; weight=&#8221;600&#8243; height=&#8221;fontheight-179065&#8243; uncode_shortcode_id=&#8221;142498&#8243; counter_color_type=&#8221;uncode-palette&#8221;][vc_custom_heading heading_semantic=&#8221;h3&#8243; text_size=&#8221;h4&#8243; uncode_shortcode_id=&#8221;362658&#8243;]Semi-remorques[\/vc_custom_heading][\/vc_column_inner][\/vc_row_inner][vc_custom_heading text_color=&#8221;color-wvjs&#8221; heading_semantic=&#8221;p&#8221; text_size=&#8221;h3&#8243; text_height=&#8221;fontheight-524109&#8243; uncode_shortcode_id=&#8221;382025&#8243; text_color_type=&#8221;uncode-palette&#8221;]Camions grues, autogrues, camions avec plate-forme \u00e9l\u00e9vatrice, gondoles, planchers, gondoles surbaiss\u00e9es, planchers mobiles, plates-formes, nous avons tous les moyens de servir nos produits toujours dans les meilleures conditions.[\/vc_custom_heading][\/vc_column][\/vc_row][vc_row row_height_percent=&#8221;0&#8243; overlay_alpha=&#8221;50&#8243; gutter_size=&#8221;3&#8243; column_width_percent=&#8221;100&#8243; shift_y=&#8221;0&#8243; z_index=&#8221;0&#8243; uncode_shortcode_id=&#8221;445979&#8243;][vc_column column_width_percent=&#8221;100&#8243; align_horizontal=&#8221;align_center&#8221; gutter_size=&#8221;3&#8243; overlay_alpha=&#8221;50&#8243; shift_x=&#8221;0&#8243; shift_y=&#8221;0&#8243; shift_y_down=&#8221;0&#8243; z_index=&#8221;0&#8243; medium_width=&#8221;0&#8243; mobile_width=&#8221;0&#8243; width=&#8221;1\/1&#8243; uncode_shortcode_id=&#8221;110085&#8243;][vc_single_image media=&#8221;119106&#8243; media_width_percent=&#8221;100&#8243; media_ratio=&#8221;twentyone-nine&#8221; alignment=&#8221;center&#8221; shape=&#8221;img-round&#8221; radius=&#8221;std&#8221; uncode_shortcode_id=&#8221;199280&#8243;][vc_gallery el_id=&#8221;gallery-183354&#8243; medias=&#8221;118337,118330,118344&#8243; gutter_size=&#8221;3&#8243; media_items=&#8221;media|lightbox|original,icon|lg&#8221; screen_lg=&#8221;1000&#8243; screen_md=&#8221;600&#8243; screen_sm=&#8221;480&#8243; images_size=&#8221;four-three&#8221; single_shape=&#8221;round&#8221; radius=&#8221;std&#8221; single_overlay_color=&#8221;color-366506&#8243; single_overlay_opacity=&#8221;80&#8243; single_h_align=&#8221;center&#8221; single_padding=&#8221;2&#8243; single_icon=&#8221;fa fa-eye&#8221; uncode_shortcode_id=&#8221;704138&#8243;][vc_single_image media=&#8221;115330&#8243; media_width_percent=&#8221;100&#8243; media_ratio=&#8221;twentyone-nine&#8221; alignment=&#8221;center&#8221; shape=&#8221;img-round&#8221; radius=&#8221;std&#8221; uncode_shortcode_id=&#8221;952284&#8243;][vc_gallery el_id=&#8221;gallery-183354&#8243; medias=&#8221;115334,115338,115342&#8243; gutter_size=&#8221;3&#8243; media_items=&#8221;media|lightbox|original,icon|lg&#8221; screen_lg=&#8221;1000&#8243; screen_md=&#8221;600&#8243; screen_sm=&#8221;480&#8243; images_size=&#8221;four-three&#8221; single_shape=&#8221;round&#8221; radius=&#8221;std&#8221; single_overlay_color=&#8221;color-366506&#8243; single_overlay_opacity=&#8221;80&#8243; single_h_align=&#8221;center&#8221; single_padding=&#8221;2&#8243; single_icon=&#8221;fa fa-eye&#8221; uncode_shortcode_id=&#8221;140933&#8243;][\/vc_column][\/vc_row][vc_row row_height_percent=&#8221;0&#8243; override_padding=&#8221;yes&#8221; h_padding=&#8221;3&#8243; top_padding=&#8221;3&#8243; bottom_padding=&#8221;3&#8243; back_color=&#8221;color-xsdn&#8221; overlay_alpha=&#8221;50&#8243; gutter_size=&#8221;3&#8243; column_width_percent=&#8221;100&#8243; shift_y=&#8221;0&#8243; z_index=&#8221;0&#8243; top_divider=&#8221;gradient&#8221; bottom_divider=&#8221;gradient&#8221; inverted_device_order=&#8221;yes&#8221; uncode_shortcode_id=&#8221;128735&#8243; back_color_type=&#8221;uncode-palette&#8221;][vc_column column_width_percent=&#8221;100&#8243; gutter_size=&#8221;3&#8243; overlay_alpha=&#8221;50&#8243; shift_x=&#8221;0&#8243; shift_y=&#8221;0&#8243; shift_y_down=&#8221;0&#8243; z_index=&#8221;0&#8243; medium_width=&#8221;0&#8243; mobile_width=&#8221;0&#8243; css_animation=&#8221;alpha-anim&#8221; animation_speed=&#8221;1000&#8243; width=&#8221;5\/12&#8243; uncode_shortcode_id=&#8221;327424&#8243;][vc_row_inner row_inner_height_percent=&#8221;0&#8243; overlay_alpha=&#8221;50&#8243; gutter_size=&#8221;4&#8243; shift_y=&#8221;0&#8243; z_index=&#8221;0&#8243; limit_content=&#8221;&#8221;][vc_column_inner column_width_percent=&#8221;100&#8243; gutter_size=&#8221;3&#8243; font_family=&#8221;font-613363&#8243; overlay_alpha=&#8221;50&#8243; shift_x=&#8221;0&#8243; shift_y=&#8221;0&#8243; shift_y_down=&#8221;0&#8243; z_index=&#8221;0&#8243; medium_width=&#8221;4&#8243; mobile_width=&#8221;0&#8243; width=&#8221;1\/1&#8243; uncode_shortcode_id=&#8221;184495&#8243;][vc_custom_heading text_size=&#8221;h3&#8243; uncode_shortcode_id=&#8221;747521&#8243;]Tenemos flujos regulares en toda Europa, principalmente en:[\/vc_custom_heading][uncode_list larger=&#8221;yes&#8221; icon=&#8221;fa fa-minus2&#8243; uncode_shortcode_id=&#8221;197899&#8243;]<\/p>\n<ul>\n<li>Italie<\/li>\n<li>France<\/li>\n<li>Belgique<\/li>\n<li>Portugal<\/li>\n<li>Allemagne<\/li>\n<li>Luxemburg<\/li>\n<li>Suisse\u2026<\/li>\n<\/ul>\n<p>[\/uncode_list][\/vc_column_inner][\/vc_row_inner][\/vc_column][vc_column column_width_percent=&#8221;100&#8243; position_vertical=&#8221;middle&#8221; gutter_size=&#8221;3&#8243; font_family=&#8221;font-613363&#8243; overlay_alpha=&#8221;50&#8243; shift_x=&#8221;0&#8243; shift_y=&#8221;0&#8243; shift_y_down=&#8221;0&#8243; z_index=&#8221;0&#8243; medium_width=&#8221;0&#8243; mobile_width=&#8221;0&#8243; css_animation=&#8221;alpha-anim&#8221; animation_speed=&#8221;1000&#8243; width=&#8221;7\/12&#8243; uncode_shortcode_id=&#8221;484410&#8243;][vc_custom_heading text_color=&#8221;color-wvjs&#8221; text_size=&#8221;h3&#8243; text_height=&#8221;fontheight-357766&#8243; uncode_shortcode_id=&#8221;920329&#8243; text_color_type=&#8221;uncode-palette&#8221;]\u00c9quip\u00e9 de syst\u00e8mes de surveillance avec lesquels nous effectuons un contr\u00f4le constant de la position, de la consommation, du temps de conduite, des \u00e9missions de chacun de nos camions. De cette mani\u00e8re, nous r\u00e9alisons un entretien pr\u00e9dictif et pr\u00e9ventif pour \u00e9viter tout type d&#8217;incident, en garantissant un entretien correcte et la tra\u00e7abilit\u00e9 de nos marchandises.[\/vc_custom_heading][\/vc_column][\/vc_row][vc_row row_height_percent=&#8221;65&#8243; override_padding=&#8221;yes&#8221; h_padding=&#8221;2&#8243; top_padding=&#8221;0&#8243; bottom_padding=&#8221;3&#8243; overlay_alpha=&#8221;50&#8243; gutter_size=&#8221;3&#8243; column_width_percent=&#8221;100&#8243; shift_y=&#8221;0&#8243; z_index=&#8221;0&#8243; uncode_shortcode_id=&#8221;176438&#8243;][vc_column column_width_percent=&#8221;100&#8243; position_vertical=&#8221;middle&#8221; gutter_size=&#8221;5&#8243; overlay_alpha=&#8221;50&#8243; shift_x=&#8221;0&#8243; shift_y=&#8221;0&#8243; shift_y_down=&#8221;0&#8243; z_index=&#8221;0&#8243; medium_width=&#8221;0&#8243; mobile_width=&#8221;0&#8243; width=&#8221;1\/1&#8243;][vc_single_image media=&#8221;115326&#8243; media_width_percent=&#8221;100&#8243; alignment=&#8221;center&#8221; shape=&#8221;img-round&#8221; radius=&#8221;std&#8221; uncode_shortcode_id=&#8221;149231&#8243;][vc_row_inner row_inner_height_percent=&#8221;0&#8243; overlay_alpha=&#8221;50&#8243; gutter_size=&#8221;4&#8243; shift_y=&#8221;0&#8243; z_index=&#8221;0&#8243;][vc_column_inner column_width_percent=&#8221;100&#8243; gutter_size=&#8221;3&#8243; overlay_alpha=&#8221;50&#8243; shift_x=&#8221;0&#8243; shift_y=&#8221;0&#8243; shift_y_down=&#8221;0&#8243; z_index=&#8221;0&#8243; medium_width=&#8221;0&#8243; mobile_width=&#8221;0&#8243; width=&#8221;1\/3&#8243;][vc_icon position=&#8221;left&#8221; icon_image=&#8221;115394&#8243; icon_color=&#8221;accent&#8221; media_size=&#8221;60&#8243; text_size=&#8221;h4&#8243; text_height=&#8221;fontheight-524109&#8243; title=&#8221;Autorisations sp\u00e9ciales&#8221; uncode_shortcode_id=&#8221;153462&#8243; icon_color_type=&#8221;uncode-palette&#8221;]Nous avons des autorisations sp\u00e9ciales en Espagne, en France, au Portugal et en Italie pour pouvoir effectuer <strong>les transports sp\u00e9ciaux de nos plantes exemplaires de dimentions extra.<\/strong>[\/vc_icon][\/vc_column_inner][vc_column_inner column_width_percent=&#8221;100&#8243; gutter_size=&#8221;3&#8243; overlay_alpha=&#8221;50&#8243; shift_x=&#8221;0&#8243; shift_y=&#8221;0&#8243; shift_y_down=&#8221;0&#8243; z_index=&#8221;0&#8243; medium_width=&#8221;0&#8243; mobile_width=&#8221;0&#8243; width=&#8221;1\/3&#8243;][vc_icon position=&#8221;left&#8221; icon_image=&#8221;115402&#8243; media_size=&#8221;60&#8243; text_size=&#8221;h4&#8243; text_height=&#8221;fontheight-524109&#8243; title=&#8221;Suivi par satellite&#8221; uncode_shortcode_id=&#8221;574273&#8243;]Nos v\u00e9hicules sont \u00e9quip\u00e9s d&#8217;un <strong>syst\u00e8me de rep\u00e9rage par satellite<\/strong> pour avoir leur localisation et <strong>pouvoir informer nos clients<\/strong> de leur position \u00e0 tout moment.[\/vc_icon][\/vc_column_inner][vc_column_inner column_width_percent=&#8221;100&#8243; gutter_size=&#8221;3&#8243; overlay_alpha=&#8221;50&#8243; shift_x=&#8221;0&#8243; shift_y=&#8221;0&#8243; shift_y_down=&#8221;0&#8243; z_index=&#8221;0&#8243; medium_width=&#8221;0&#8243; mobile_width=&#8221;0&#8243; width=&#8221;1\/3&#8243;][vc_icon position=&#8221;left&#8221; icon_image=&#8221;115407&#8243; media_size=&#8221;60&#8243; text_size=&#8221;h4&#8243; text_height=&#8221;fontheight-524109&#8243; title=&#8221;Protection de l&#8217;environnement&#8221; uncode_shortcode_id=&#8221;110054&#8243;]Nous travaillons avec un engagement envers la soci\u00e9t\u00e9 et l&#8217;environnement et <strong>la plupart de nos v\u00e9hicules sont EURO 6 et ont des pneus \u00e9cologiques<\/strong> pour essayer d&#8217;avoir le minimum d&#8217;impact sur l&#8217;environnement.[\/vc_icon][\/vc_column_inner][\/vc_row_inner][vc_single_image media=&#8221;115322&#8243; media_width_percent=&#8221;100&#8243; alignment=&#8221;center&#8221; shape=&#8221;img-round&#8221; radius=&#8221;std&#8221; uncode_shortcode_id=&#8221;180337&#8243;][\/vc_column][\/vc_row]<\/p>\n<\/section>","protected":false},"excerpt":{"rendered":"<p>[vc_row row_height_percent=&#8221;0&#8243; override_padding=&#8221;yes&#8221; h_padding=&#8221;2&#8243; top_padding=&#8221;3&#8243; bottom_padding=&#8221;2&#8243; overlay_alpha=&#8221;50&#8243; gutter_size=&#8221;3&#8243; column_width_percent=&#8221;100&#8243; shift_y=&#8221;0&#8243; z_index=&#8221;0&#8243; uncode_shortcode_id=&#8221;199075&#8243;][vc_column column_width_use_pixel=&#8221;yes&#8221; align_horizontal=&#8221;align_center&#8221; gutter_size=&#8221;3&#8243; overlay_alpha=&#8221;50&#8243; shift_x=&#8221;0&#8243; shift_y=&#8221;0&#8243; shift_y_down=&#8221;0&#8243; z_index=&#8221;0&#8243; [&hellip;]<\/p>\n","protected":false},"author":1,"featured_media":118349,"parent":0,"menu_order":0,"comment_status":"closed","ping_status":"closed","template":"","meta":{"footnotes":""},"class_list":["post-115851","page","type-page","status-publish","has-post-thumbnail","hentry"],"yoast_head":"<!-- This site is optimized with the Yoast SEO plugin v21.1 - https:\/\/yoast.com\/wordpress\/plugins\/seo\/ -->\n<title>Logistique | Cultius Pon\u00e7<\/title>\n<meta name=\"robots\" content=\"index, follow, max-snippet:-1, max-image-preview:large, max-video-preview:-1\" \/>\n<link rel=\"canonical\" href=\"https:\/\/cultius.predev.eu\/fr\/logistique\/\" \/>\n<meta property=\"og:locale\" content=\"fr_FR\" \/>\n<meta property=\"og:type\" content=\"article\" \/>\n<meta property=\"og:title\" content=\"Logistique | Cultius Pon\u00e7\" \/>\n<meta property=\"og:description\" content=\"[vc_row row_height_percent=&#8221;0&#8243; override_padding=&#8221;yes&#8221; h_padding=&#8221;2&#8243; top_padding=&#8221;3&#8243; bottom_padding=&#8221;2&#8243; overlay_alpha=&#8221;50&#8243; gutter_size=&#8221;3&#8243; column_width_percent=&#8221;100&#8243; shift_y=&#8221;0&#8243; z_index=&#8221;0&#8243; uncode_shortcode_id=&#8221;199075&#8243;][vc_column column_width_use_pixel=&#8221;yes&#8221; align_horizontal=&#8221;align_center&#8221; gutter_size=&#8221;3&#8243; overlay_alpha=&#8221;50&#8243; shift_x=&#8221;0&#8243; shift_y=&#8221;0&#8243; shift_y_down=&#8221;0&#8243; z_index=&#8221;0&#8243; [&hellip;]\" \/>\n<meta property=\"og:url\" content=\"https:\/\/cultius.predev.eu\/fr\/logistique\/\" \/>\n<meta property=\"og:site_name\" content=\"Cultius Pon\u00e7\" \/>\n<meta property=\"article:modified_time\" content=\"2023-07-24T09:01:04+00:00\" \/>\n<meta property=\"og:image\" content=\"https:\/\/cultius.predev.eu\/wp-content\/uploads\/2023\/07\/cultius-ponc-logistica-ft.webp\" \/>\n\t<meta property=\"og:image:width\" content=\"1920\" \/>\n\t<meta property=\"og:image:height\" content=\"1280\" \/>\n\t<meta property=\"og:image:type\" content=\"image\/webp\" \/>\n<meta name=\"twitter:card\" content=\"summary_large_image\" \/>\n<meta name=\"twitter:label1\" content=\"Dur\u00e9e de lecture estim\u00e9e\" \/>\n\t<meta name=\"twitter:data1\" content=\"3 minutes\" \/>\n<script type=\"application\/ld+json\" class=\"yoast-schema-graph\">{\"@context\":\"https:\/\/schema.org\",\"@graph\":[{\"@type\":\"WebPage\",\"@id\":\"https:\/\/cultius.predev.eu\/fr\/logistique\/\",\"url\":\"https:\/\/cultius.predev.eu\/fr\/logistique\/\",\"name\":\"Logistique | Cultius Pon\u00e7\",\"isPartOf\":{\"@id\":\"https:\/\/cultius.predev.eu\/fr\/#website\"},\"datePublished\":\"2023-06-20T09:27:58+00:00\",\"dateModified\":\"2023-07-24T09:01:04+00:00\",\"breadcrumb\":{\"@id\":\"https:\/\/cultius.predev.eu\/fr\/logistique\/#breadcrumb\"},\"inLanguage\":\"fr-FR\",\"potentialAction\":[{\"@type\":\"ReadAction\",\"target\":[\"https:\/\/cultius.predev.eu\/fr\/logistique\/\"]}]},{\"@type\":\"BreadcrumbList\",\"@id\":\"https:\/\/cultius.predev.eu\/fr\/logistique\/#breadcrumb\",\"itemListElement\":[{\"@type\":\"ListItem\",\"position\":1,\"name\":\"Inici\",\"item\":\"https:\/\/cultius.predev.eu\/fr\/\"},{\"@type\":\"ListItem\",\"position\":2,\"name\":\"Logistique\"}]},{\"@type\":\"WebSite\",\"@id\":\"https:\/\/cultius.predev.eu\/fr\/#website\",\"url\":\"https:\/\/cultius.predev.eu\/fr\/\",\"name\":\"Cultius Pon\u00e7\",\"description\":\"Garden i vivers | Exemplars, palmeres, oliveres i accessoris per a jardins\",\"publisher\":{\"@id\":\"https:\/\/cultius.predev.eu\/fr\/#organization\"},\"potentialAction\":[{\"@type\":\"SearchAction\",\"target\":{\"@type\":\"EntryPoint\",\"urlTemplate\":\"https:\/\/cultius.predev.eu\/fr\/?s={search_term_string}\"},\"query-input\":\"required name=search_term_string\"}],\"inLanguage\":\"fr-FR\"},{\"@type\":\"Organization\",\"@id\":\"https:\/\/cultius.predev.eu\/fr\/#organization\",\"name\":\"Cultius Pon\u00e7\",\"url\":\"https:\/\/cultius.predev.eu\/fr\/\",\"logo\":{\"@type\":\"ImageObject\",\"inLanguage\":\"fr-FR\",\"@id\":\"https:\/\/cultius.predev.eu\/fr\/#\/schema\/logo\/image\/\",\"url\":\"https:\/\/cultiusponc.com\/wp-content\/uploads\/2022\/11\/Logo-cultius-ponc.svg\",\"contentUrl\":\"https:\/\/cultiusponc.com\/wp-content\/uploads\/2022\/11\/Logo-cultius-ponc.svg\",\"width\":1,\"height\":1,\"caption\":\"Cultius Pon\u00e7\"},\"image\":{\"@id\":\"https:\/\/cultius.predev.eu\/fr\/#\/schema\/logo\/image\/\"},\"sameAs\":[\"https:\/\/www.instagram.com\/cultius_ponc\/\",\"https:\/\/cultiusponc.com\"]}]}<\/script>\n<!-- \/ Yoast SEO plugin. -->","yoast_head_json":{"title":"Logistique | Cultius Pon\u00e7","robots":{"index":"index","follow":"follow","max-snippet":"max-snippet:-1","max-image-preview":"max-image-preview:large","max-video-preview":"max-video-preview:-1"},"canonical":"https:\/\/cultius.predev.eu\/fr\/logistique\/","og_locale":"fr_FR","og_type":"article","og_title":"Logistique | Cultius Pon\u00e7","og_description":"[vc_row row_height_percent=&#8221;0&#8243; override_padding=&#8221;yes&#8221; h_padding=&#8221;2&#8243; top_padding=&#8221;3&#8243; bottom_padding=&#8221;2&#8243; overlay_alpha=&#8221;50&#8243; gutter_size=&#8221;3&#8243; column_width_percent=&#8221;100&#8243; shift_y=&#8221;0&#8243; z_index=&#8221;0&#8243; uncode_shortcode_id=&#8221;199075&#8243;][vc_column column_width_use_pixel=&#8221;yes&#8221; align_horizontal=&#8221;align_center&#8221; gutter_size=&#8221;3&#8243; overlay_alpha=&#8221;50&#8243; shift_x=&#8221;0&#8243; shift_y=&#8221;0&#8243; shift_y_down=&#8221;0&#8243; z_index=&#8221;0&#8243; [&hellip;]","og_url":"https:\/\/cultius.predev.eu\/fr\/logistique\/","og_site_name":"Cultius Pon\u00e7","article_modified_time":"2023-07-24T09:01:04+00:00","og_image":[{"width":1920,"height":1280,"url":"https:\/\/cultius.predev.eu\/wp-content\/uploads\/2023\/07\/cultius-ponc-logistica-ft.webp","type":"image\/webp"}],"twitter_card":"summary_large_image","twitter_misc":{"Dur\u00e9e de lecture estim\u00e9e":"3 minutes"},"schema":{"@context":"https:\/\/schema.org","@graph":[{"@type":"WebPage","@id":"https:\/\/cultius.predev.eu\/fr\/logistique\/","url":"https:\/\/cultius.predev.eu\/fr\/logistique\/","name":"Logistique | Cultius Pon\u00e7","isPartOf":{"@id":"https:\/\/cultius.predev.eu\/fr\/#website"},"datePublished":"2023-06-20T09:27:58+00:00","dateModified":"2023-07-24T09:01:04+00:00","breadcrumb":{"@id":"https:\/\/cultius.predev.eu\/fr\/logistique\/#breadcrumb"},"inLanguage":"fr-FR","potentialAction":[{"@type":"ReadAction","target":["https:\/\/cultius.predev.eu\/fr\/logistique\/"]}]},{"@type":"BreadcrumbList","@id":"https:\/\/cultius.predev.eu\/fr\/logistique\/#breadcrumb","itemListElement":[{"@type":"ListItem","position":1,"name":"Inici","item":"https:\/\/cultius.predev.eu\/fr\/"},{"@type":"ListItem","position":2,"name":"Logistique"}]},{"@type":"WebSite","@id":"https:\/\/cultius.predev.eu\/fr\/#website","url":"https:\/\/cultius.predev.eu\/fr\/","name":"Cultius Pon\u00e7","description":"Garden i vivers | Exemplars, palmeres, oliveres i accessoris per a jardins","publisher":{"@id":"https:\/\/cultius.predev.eu\/fr\/#organization"},"potentialAction":[{"@type":"SearchAction","target":{"@type":"EntryPoint","urlTemplate":"https:\/\/cultius.predev.eu\/fr\/?s={search_term_string}"},"query-input":"required name=search_term_string"}],"inLanguage":"fr-FR"},{"@type":"Organization","@id":"https:\/\/cultius.predev.eu\/fr\/#organization","name":"Cultius Pon\u00e7","url":"https:\/\/cultius.predev.eu\/fr\/","logo":{"@type":"ImageObject","inLanguage":"fr-FR","@id":"https:\/\/cultius.predev.eu\/fr\/#\/schema\/logo\/image\/","url":"https:\/\/cultiusponc.com\/wp-content\/uploads\/2022\/11\/Logo-cultius-ponc.svg","contentUrl":"https:\/\/cultiusponc.com\/wp-content\/uploads\/2022\/11\/Logo-cultius-ponc.svg","width":1,"height":1,"caption":"Cultius Pon\u00e7"},"image":{"@id":"https:\/\/cultius.predev.eu\/fr\/#\/schema\/logo\/image\/"},"sameAs":["https:\/\/www.instagram.com\/cultius_ponc\/","https:\/\/cultiusponc.com"]}]}},"_links":{"self":[{"href":"https:\/\/cultius.predev.eu\/fr\/wp-json\/wp\/v2\/pages\/115851","targetHints":{"allow":["GET"]}}],"collection":[{"href":"https:\/\/cultius.predev.eu\/fr\/wp-json\/wp\/v2\/pages"}],"about":[{"href":"https:\/\/cultius.predev.eu\/fr\/wp-json\/wp\/v2\/types\/page"}],"author":[{"embeddable":true,"href":"https:\/\/cultius.predev.eu\/fr\/wp-json\/wp\/v2\/users\/1"}],"replies":[{"embeddable":true,"href":"https:\/\/cultius.predev.eu\/fr\/wp-json\/wp\/v2\/comments?post=115851"}],"version-history":[{"count":0,"href":"https:\/\/cultius.predev.eu\/fr\/wp-json\/wp\/v2\/pages\/115851\/revisions"}],"wp:featuredmedia":[{"embeddable":true,"href":"https:\/\/cultius.predev.eu\/fr\/wp-json\/wp\/v2\/media\/118349"}],"wp:attachment":[{"href":"https:\/\/cultius.predev.eu\/fr\/wp-json\/wp\/v2\/media?parent=115851"}],"curies":[{"name":"wp","href":"https:\/\/api.w.org\/{rel}","templated":true}]}}